{"id":93,"date":"2020-07-26T18:25:26","date_gmt":"2020-07-26T16:25:26","guid":{"rendered":"http:\/\/gcj-asso.fr\/?page_id=93"},"modified":"2026-04-10T10:48:08","modified_gmt":"2026-04-10T08:48:08","slug":"inscription-et-re-inscription","status":"publish","type":"page","link":"https:\/\/gcj-asso.fr\/?page_id=93","title":{"rendered":"Groupes et Tarifs 2025 &#8211; 2026"},"content":{"rendered":"\n<p>Une <strong>permanence est assur\u00e9e tous les mercredis de 18h30 \u00e0 20h00<\/strong> &#8211; HORS PERIODE VACANCES SCOLAIRES<\/p>\n\n\n\n<p class=\"has-text-align-center\">Gymnase de la Vall\u00e9e Violette <\/p>\n\n\n\n<p class=\"has-text-align-center\">Rue de Montrichard<\/p>\n\n\n\n<p class=\"has-text-align-center\">37300 Jou\u00e9-l\u00e8s-Tours<\/p>\n\n\n\n<p class=\"has-text-align-center\"><strong><mark style=\"background-color:rgba(0, 0, 0, 0)\" class=\"has-inline-color has-luminous-vivid-amber-color\">Pour les r\u00e9 inscriptions : <\/mark><\/strong><\/p>\n\n\n\n<p>Pour les groupes <em>comp\u00e9tition <\/em>, merci de vous munir de <strong>votre certificat m\u00e9dical<\/strong> (\u00ab\u00a0<em>pratique de la gymnastique y comprit en comp\u00e9tition<\/em>\u00ab\u00a0).<\/p>\n\n\n\n<p>Pour les groupes loisirs, si vous avez fournit un certificat m\u00e9dical l&rsquo;ann\u00e9e derni\u00e8re, il vous suffira de remplir le questionnaire de sant\u00e9.<\/p>\n\n\n\n<p class=\"has-text-align-center\"><strong><mark style=\"background-color:rgba(0, 0, 0, 0)\" class=\"has-inline-color has-luminous-vivid-amber-color\">Pour les inscriptions :<\/mark><\/strong><\/p>\n\n\n\n<p><strong><mark style=\"background-color:rgba(0, 0, 0, 0)\" class=\"has-inline-color has-vivid-red-color\">Seuls les dossiers COMPLETS seront accept\u00e9s.<\/mark><\/strong><\/p>\n\n\n\n<h2 class=\"wp-block-heading has-text-align-center\"><strong>Loisirs et Gym pour Tous<\/strong><\/h2>\n\n\n\n<figure class=\"wp-block-table\"><table><tbody><tr><td><mark style=\"background-color:rgba(0, 0, 0, 0)\" class=\"has-inline-color has-pale-cyan-blue-color\"><strong>Groupes<\/strong><\/mark><\/td><td><mark style=\"background-color:rgba(0, 0, 0, 0)\" class=\"has-inline-color has-pale-cyan-blue-color\"><strong>ann\u00e9es naissance<\/strong><\/mark><\/td><td><strong><mark style=\"background-color:rgba(0, 0, 0, 0)\" class=\"has-inline-color has-pale-cyan-blue-color\">Tarif <\/mark><\/strong><mark style=\"background-color:rgba(0, 0, 0, 0)\" class=\"has-inline-color has-pale-cyan-blue-color\">GCJ<\/mark><\/td><td><strong><mark style=\"background-color:rgba(0, 0, 0, 0)\" class=\"has-inline-color has-pale-cyan-blue-color\">Tarifs licence <\/mark><\/strong><mark style=\"background-color:rgba(0, 0, 0, 0)\" class=\"has-inline-color has-pale-cyan-blue-color\">FFGymnastique<\/mark><\/td><\/tr><tr><td>BabyGym : 45 min<\/td><td>2020\/2022*<\/td><td>150\u20ac<\/td><td>58,90\u20ac<\/td><\/tr><tr><td>Eveil : 1h30<\/td><td><em>*<\/em><\/td><td>200\u20ac<\/td><td>58,90\u20ac<\/td><\/tr><tr><td>Ecole GAF : 1h30<\/td><td>2018\/2020<\/td><td>200\u20ac<\/td><td>68,90\u20ac<\/td><\/tr><tr><td><\/td><td>2016\/2017<\/td><td>200\u20ac<\/td><td>68,90\u20ac<\/td><\/tr><tr><td>Ecole GR : 1h30<\/td><td>+ 2017 <em>d\u00e9butant<\/em><\/td><td>200\u20ac<\/td><td>68,90\u20ac<\/td><\/tr><tr><td><\/td><td>+ 2017 confirm\u00e9<\/td><td>200\u20ac<\/td><td>68,90\u20ac<\/td><\/tr><tr><td>Loisirs GAF : 1h30<\/td><td>+ 2017<\/td><td>200\u20ac<\/td><td>68,90\u20ac<\/td><\/tr><tr><td><strong><mark style=\"background-color:rgba(0, 0, 0, 0)\" class=\"has-inline-color has-luminous-vivid-orange-color\">Cours adulte<\/mark><\/strong><\/td><td><strong><mark style=\"background-color:rgba(0, 0, 0, 0)\" class=\"has-inline-color has-luminous-vivid-orange-color\">+18 ans<\/mark><\/strong><\/td><td>**<\/td><td>**<mark style=\"background-color:rgba(0, 0, 0, 0)\" class=\"has-inline-color has-luminous-vivid-orange-color\"><\/mark><\/td><\/tr><\/tbody><\/table><figcaption class=\"wp-element-caption\">* Ann\u00e9es de naissance \u00e0 d\u00e9terminer avec les entraineurs, en fonction des capacit\u00e9s des enfants<\/figcaption><\/figure>\n\n\n\n<p><mark style=\"background-color:rgba(0, 0, 0, 0)\" class=\"has-inline-color has-luminous-vivid-orange-color\">** Renseignements en attente<\/mark><\/p>\n\n\n\n<hr class=\"wp-block-separator has-alpha-channel-opacity\"\/>\n\n\n\n<p class=\"has-text-align-center\"><strong>NOUVELLE DE VESTE POUR LA SAISON 2025\/26 = 32\u20ac<\/strong> : <a href=\"https:\/\/www.helloasso.com\/associations\/gymnastique-club-jocondien\/boutiques\/la-boutique-du-club\" data-type=\"link\" data-id=\"https:\/\/www.helloasso.com\/associations\/gymnastique-club-jocondien\/boutiques\/la-boutique-du-club\">Commande ici<\/a><\/p>\n\n\n\n<hr class=\"wp-block-separator has-alpha-channel-opacity\"\/>\n\n\n\n<h2 class=\"wp-block-heading has-text-align-center\"><strong>Groupes GAF<\/strong><\/h2>\n\n\n\n<h2 class=\"wp-block-heading has-text-align-center\"><img decoding=\"async\" loading=\"lazy\" width=\"980\" height=\"300\" class=\"wp-image-7685\" style=\"width: 550px;\" src=\"http:\/\/gcj-asso.fr\/wp-content\/uploads\/2023\/12\/GAF.png\" alt=\"\" srcset=\"https:\/\/gcj-asso.fr\/wp-content\/uploads\/2023\/12\/GAF.png 980w, https:\/\/gcj-asso.fr\/wp-content\/uploads\/2023\/12\/GAF-300x92.png 300w, https:\/\/gcj-asso.fr\/wp-content\/uploads\/2023\/12\/GAF-768x235.png 768w, https:\/\/gcj-asso.fr\/wp-content\/uploads\/2023\/12\/GAF-650x199.png 650w, https:\/\/gcj-asso.fr\/wp-content\/uploads\/2023\/12\/GAF-310x95.png 310w, https:\/\/gcj-asso.fr\/wp-content\/uploads\/2023\/12\/GAF-150x46.png 150w\" sizes=\"(max-width: 980px) 100vw, 980px\" \/><\/h2>\n\n\n\n<figure class=\"wp-block-table\"><table><tbody><tr><td><strong><mark style=\"background-color:rgba(0, 0, 0, 0)\" class=\"has-inline-color has-pale-cyan-blue-color\">Entrainements \/ NB d&rsquo;heures<\/mark><\/strong><\/td><td><strong><mark style=\"background-color:rgba(0, 0, 0, 0)\" class=\"has-inline-color has-pale-cyan-blue-color\">Secteur<\/mark><\/strong><\/td><td><mark style=\"background-color:rgba(0, 0, 0, 0)\" class=\"has-inline-color has-pale-cyan-blue-color\"><strong>Tarif adh\u00e9sion<\/strong><\/mark> <mark style=\"background-color:rgba(0, 0, 0, 0)\" class=\"has-inline-color has-pale-cyan-blue-color\">GCJ<\/mark><\/td><td class=\"has-text-align-center\" data-align=\"center\"><strong><mark style=\"background-color:rgba(0, 0, 0, 0)\" class=\"has-inline-color has-pale-cyan-blue-color\">Tarif licence<\/mark><\/strong> <mark style=\"background-color:rgba(0, 0, 0, 0)\" class=\"has-inline-color has-pale-cyan-blue-color\">FFGymnastique<\/mark><\/td><\/tr><tr><td>2 entrainements<\/td><td>GAF<\/td><td>270\u20ac<\/td><td class=\"has-text-align-center\" data-align=\"center\">68,90\u20ac<\/td><\/tr><tr><td>3 entrainements<\/td><td>GAF<\/td><td>320\u20ac<\/td><td class=\"has-text-align-center\" data-align=\"center\">68,90\u20ac<\/td><\/tr><tr><td>4 entrainements<\/td><td>GAF<\/td><td>370\u20ac<\/td><td class=\"has-text-align-center\" data-align=\"center\">68,90\u20ac<\/td><\/tr><tr><td>5 entrainements<\/td><td>GAF<\/td><td>420\u20ac<\/td><td class=\"has-text-align-center\" data-align=\"center\">68,90\u20ac<\/td><\/tr><\/tbody><\/table><figcaption class=\"wp-element-caption\">OBLIGATOIRE : <mark style=\"background-color:rgba(0, 0, 0, 0)\" class=\"has-inline-color has-vivid-red-color\">ACHAT justaucorps EQUIPES : 100\u20ac + Nouvelle veste : 30\u20ac<\/mark><\/figcaption><\/figure>\n\n\n\n<hr class=\"wp-block-separator has-alpha-channel-opacity\"\/>\n\n\n\n<h2 class=\"wp-block-heading has-text-align-center\"><strong>Groupes GR<\/strong><\/h2>\n\n\n\n<figure class=\"wp-block-image size-full\"><img decoding=\"async\" loading=\"lazy\" width=\"980\" height=\"300\" src=\"https:\/\/gcj-asso.fr\/wp-content\/uploads\/2023\/12\/GR.png\" alt=\"\" class=\"wp-image-7686\" srcset=\"https:\/\/gcj-asso.fr\/wp-content\/uploads\/2023\/12\/GR.png 980w, https:\/\/gcj-asso.fr\/wp-content\/uploads\/2023\/12\/GR-300x92.png 300w, https:\/\/gcj-asso.fr\/wp-content\/uploads\/2023\/12\/GR-768x235.png 768w, https:\/\/gcj-asso.fr\/wp-content\/uploads\/2023\/12\/GR-650x199.png 650w, https:\/\/gcj-asso.fr\/wp-content\/uploads\/2023\/12\/GR-310x95.png 310w, https:\/\/gcj-asso.fr\/wp-content\/uploads\/2023\/12\/GR-150x46.png 150w\" sizes=\"(max-width: 980px) 100vw, 980px\" \/><\/figure>\n\n\n\n<figure class=\"wp-block-table\"><table><tbody><tr><td><strong><mark style=\"background-color:rgba(0, 0, 0, 0)\" class=\"has-inline-color has-pale-cyan-blue-color\">Entrainements \/ NB d&rsquo;heures<\/mark><\/strong><\/td><td><strong><mark style=\"background-color:rgba(0, 0, 0, 0)\" class=\"has-inline-color has-pale-cyan-blue-color\">Secteur<\/mark><\/strong><\/td><td><mark style=\"background-color:rgba(0, 0, 0, 0)\" class=\"has-inline-color has-pale-cyan-blue-color\"><strong>Tarif adh\u00e9sion GCJ<\/strong><\/mark> <\/td><td class=\"has-text-align-center\" data-align=\"center\"><strong><mark style=\"background-color:rgba(0, 0, 0, 0)\" class=\"has-inline-color has-pale-cyan-blue-color\">Tarif licence<\/mark><\/strong> <mark style=\"background-color:rgba(0, 0, 0, 0)\" class=\"has-inline-color has-pale-cyan-blue-color\">FFGymnastique<\/mark><\/td><\/tr><tr><td>2 entrainements<\/td><td>GR<\/td><td>270\u20ac<\/td><td class=\"has-text-align-center\" data-align=\"center\">68,90\u20ac<\/td><\/tr><tr><td>3 entrainements<\/td><td>GR<\/td><td>320\u20ac<\/td><td class=\"has-text-align-center\" data-align=\"center\">68,90\u20ac<\/td><\/tr><tr><td>4 entrainements<\/td><td>GR<\/td><td>370\u20ac <\/td><td class=\"has-text-align-center\" data-align=\"center\">68,90\u20ac<\/td><\/tr><tr><td>5 entrainements<\/td><td>GR<\/td><td>420\u20ac<\/td><td class=\"has-text-align-center\" data-align=\"center\">68,90\u20ac<\/td><\/tr><\/tbody><\/table><figcaption class=\"wp-element-caption\">OBLIGATOIRE : <mark style=\"background-color:rgba(0, 0, 0, 0)\" class=\"has-inline-color has-vivid-red-color\">Location justaucorps EQUIPES : 30\u20ac<\/mark> + <mark style=\"background-color:rgba(0, 0, 0, 0)\" class=\"has-inline-color has-vivid-red-color\">Nouvelle veste : 30\u20ac<\/mark><\/figcaption><\/figure>\n\n\n\n<hr class=\"wp-block-separator has-alpha-channel-opacity\"\/>\n\n\n\n<p><strong>Possibilit\u00e9 de payer la cotisation&nbsp;annuelle&nbsp;en 1 ou 3 fois.<\/strong><\/p>\n\n\n\n<p><strong>Ch\u00e8ques vacances <mark style=\"background-color:rgba(0, 0, 0, 0)\" class=\"has-inline-color has-vivid-cyan-blue-color\">ANCV<\/mark>, coupons sport <mark style=\"background-color:rgba(0, 0, 0, 0)\" class=\"has-inline-color has-vivid-cyan-blue-color\">DDJS<\/mark>, bons CAF\/Pass Sport et bons <mark style=\"background-color:rgba(0, 0, 0, 0)\" class=\"has-inline-color has-vivid-cyan-blue-color\">YEPS <\/mark>sont accept\u00e9s pour la moiti\u00e9 de la cotisation maximum.<\/strong><\/p>\n\n\n\n<p><strong>R\u00e9duction de 10%<\/strong> sur l\u2019adh\u00e9sion si<strong> 2 inscriptions de la m\u00eame fratrie <\/strong>et <strong>de 20% \u00e0 partir de 3 inscriptions ou plus <\/strong>de la m\u00eame fratrie (hors licence FFG).<\/p>\n","protected":false},"excerpt":{"rendered":"<p>Une permanence est assur\u00e9e tous les mercredis de 18h30 \u00e0 20h00 &#8211; HORS PERIODE VACANCES SCOLAIRES Gymnase de la Vall\u00e9e Violette Rue de Montrichard 37300 Jou\u00e9-l\u00e8s-Tours Pour les r\u00e9 inscriptions &hellip; <\/p>\n","protected":false},"author":2,"featured_media":0,"parent":0,"menu_order":0,"comment_status":"closed","ping_status":"closed","template":"","meta":{"footnotes":""},"_links":{"self":[{"href":"https:\/\/gcj-asso.fr\/index.php?rest_route=\/wp\/v2\/pages\/93"}],"collection":[{"href":"https:\/\/gcj-asso.fr\/index.php?rest_route=\/wp\/v2\/pages"}],"about":[{"href":"https:\/\/gcj-asso.fr\/index.php?rest_route=\/wp\/v2\/types\/page"}],"author":[{"embeddable":true,"href":"https:\/\/gcj-asso.fr\/index.php?rest_route=\/wp\/v2\/users\/2"}],"replies":[{"embeddable":true,"href":"https:\/\/gcj-asso.fr\/index.php?rest_route=%2Fwp%2Fv2%2Fcomments&post=93"}],"version-history":[{"count":54,"href":"https:\/\/gcj-asso.fr\/index.php?rest_route=\/wp\/v2\/pages\/93\/revisions"}],"predecessor-version":[{"id":8575,"href":"https:\/\/gcj-asso.fr\/index.php?rest_route=\/wp\/v2\/pages\/93\/revisions\/8575"}],"wp:attachment":[{"href":"https:\/\/gcj-asso.fr\/index.php?rest_route=%2Fwp%2Fv2%2Fmedia&parent=93"}],"curies":[{"name":"wp","href":"https:\/\/api.w.org\/{rel}","templated":true}]}}