{"id":8540,"date":"2026-01-27T12:29:09","date_gmt":"2026-01-27T11:29:09","guid":{"rendered":"https:\/\/gcj-asso.fr\/?page_id=8540"},"modified":"2026-04-10T10:46:15","modified_gmt":"2026-04-10T08:46:15","slug":"saison-2026-2027","status":"publish","type":"page","link":"https:\/\/gcj-asso.fr\/?page_id=8540","title":{"rendered":"Saison 2026\/2027"},"content":{"rendered":"\n<figure class=\"wp-block-image size-large\"><img decoding=\"async\" loading=\"lazy\" width=\"1024\" height=\"146\" src=\"http:\/\/gcj-asso.fr\/wp-content\/uploads\/2026\/01\/Banniere-test-classe-sport-1024x146.png\" alt=\"\" class=\"wp-image-8533\" srcset=\"https:\/\/gcj-asso.fr\/wp-content\/uploads\/2026\/01\/Banniere-test-classe-sport-1024x146.png 1024w, https:\/\/gcj-asso.fr\/wp-content\/uploads\/2026\/01\/Banniere-test-classe-sport-300x43.png 300w, https:\/\/gcj-asso.fr\/wp-content\/uploads\/2026\/01\/Banniere-test-classe-sport-768x110.png 768w, https:\/\/gcj-asso.fr\/wp-content\/uploads\/2026\/01\/Banniere-test-classe-sport-1536x220.png 1536w, https:\/\/gcj-asso.fr\/wp-content\/uploads\/2026\/01\/Banniere-test-classe-sport-420x60.png 420w, https:\/\/gcj-asso.fr\/wp-content\/uploads\/2026\/01\/Banniere-test-classe-sport-650x93.png 650w, https:\/\/gcj-asso.fr\/wp-content\/uploads\/2026\/01\/Banniere-test-classe-sport-310x44.png 310w, https:\/\/gcj-asso.fr\/wp-content\/uploads\/2026\/01\/Banniere-test-classe-sport-150x21.png 150w, https:\/\/gcj-asso.fr\/wp-content\/uploads\/2026\/01\/Banniere-test-classe-sport.png 2000w\" sizes=\"(max-width: 1024px) 100vw, 1024px\" \/><\/figure>\n\n\n\n<hr class=\"wp-block-separator has-alpha-channel-opacity\"\/>\n\n\n\n<p>Les <strong><mark style=\"background-color:rgba(0, 0, 0, 0)\" class=\"has-inline-color has-vivid-red-color\">inscriptions 2026\/27 ne sont pas encore lanc\u00e9es<\/mark><\/strong>. Aucune inscription ne sera faite par mail ou par t\u00e9l\u00e9phone.<\/p>\n\n\n\n<p> En attendant vous trouverez les informations suivantes :<\/p>\n\n\n\n<figure class=\"wp-block-image size-large\"><img decoding=\"async\" loading=\"lazy\" width=\"1024\" height=\"373\" src=\"http:\/\/gcj-asso.fr\/wp-content\/uploads\/2020\/07\/cropped-20200515_112402-scaled-1-1024x373.jpg\" alt=\"\" class=\"wp-image-8258\" srcset=\"https:\/\/gcj-asso.fr\/wp-content\/uploads\/2020\/07\/cropped-20200515_112402-scaled-1-1024x373.jpg 1024w, https:\/\/gcj-asso.fr\/wp-content\/uploads\/2020\/07\/cropped-20200515_112402-scaled-1-300x109.jpg 300w, https:\/\/gcj-asso.fr\/wp-content\/uploads\/2020\/07\/cropped-20200515_112402-scaled-1-768x280.jpg 768w, https:\/\/gcj-asso.fr\/wp-content\/uploads\/2020\/07\/cropped-20200515_112402-scaled-1-1536x560.jpg 1536w, https:\/\/gcj-asso.fr\/wp-content\/uploads\/2020\/07\/cropped-20200515_112402-scaled-1-165x60.jpg 165w, https:\/\/gcj-asso.fr\/wp-content\/uploads\/2020\/07\/cropped-20200515_112402-scaled-1-650x237.jpg 650w, https:\/\/gcj-asso.fr\/wp-content\/uploads\/2020\/07\/cropped-20200515_112402-scaled-1-310x113.jpg 310w, https:\/\/gcj-asso.fr\/wp-content\/uploads\/2020\/07\/cropped-20200515_112402-scaled-1-150x55.jpg 150w, https:\/\/gcj-asso.fr\/wp-content\/uploads\/2020\/07\/cropped-20200515_112402-scaled-1.jpg 1920w\" sizes=\"(max-width: 1024px) 100vw, 1024px\" \/><\/figure>\n\n\n\n<div class=\"wp-block-columns is-layout-flex wp-container-3 wp-block-columns-is-layout-flex\">\n<div class=\"wp-block-column is-layout-flow wp-block-column-is-layout-flow\">\n<p class=\"has-text-align-center\"><strong>Lieu d&rsquo;entrainement du GCJ :<br><\/strong>Gymnase de la Vall\u00e9e Violette, rue de Montrichard, 37300 JLT<\/p>\n\n\n\n<p class=\"has-text-align-center\"><strong>Activit\u00e9s propos\u00e9es par le GCJ :<br><\/strong>GAF + GR + BabyGym, en loisirs et comp\u00e9tition<\/p>\n<\/div>\n\n\n\n<div class=\"wp-block-column is-layout-flow wp-block-column-is-layout-flow\">\n<p class=\"has-text-align-left\"><strong>Les documents a avoir pour les inscriptions &amp; (r\u00e9 inscription) :<\/strong><br>&#8211; Certificat m\u00e9dical (pour les groupes comp\u00e9titions avoir la mention : \u00ab\u00a0<em>pratique de la gymnastique y comprit en comp\u00e9tition<\/em>\u00ab\u00a0)<br>&#8211; Avoir le r\u00e9glement complet : cheque, CB, cheques vacances, bon yeps, &#8230;<br><strong><mark style=\"background-color:rgba(0, 0, 0, 0)\" class=\"has-inline-color has-vivid-red-color\">&#8211; Seuls les dossiers COMPLETS seront accept\u00e9s<\/mark><\/strong><br>&#8211; Pour les loisirs ayant fournit un certificat m\u00e9dical en 2025\/26 : remplir le questionnaire de sant\u00e9<\/p>\n<\/div>\n<\/div>\n\n\n\n<p class=\"has-text-align-center\"><\/p>\n","protected":false},"excerpt":{"rendered":"<p>Les inscriptions 2026\/27 ne sont pas encore lanc\u00e9es. Aucune inscription ne sera faite par mail ou par t\u00e9l\u00e9phone. En attendant vous trouverez les informations suivantes : Lieu d&rsquo;entrainement du GCJ &hellip; <\/p>\n","protected":false},"author":1,"featured_media":0,"parent":0,"menu_order":0,"comment_status":"closed","ping_status":"closed","template":"","meta":{"footnotes":""},"_links":{"self":[{"href":"https:\/\/gcj-asso.fr\/index.php?rest_route=\/wp\/v2\/pages\/8540"}],"collection":[{"href":"https:\/\/gcj-asso.fr\/index.php?rest_route=\/wp\/v2\/pages"}],"about":[{"href":"https:\/\/gcj-asso.fr\/index.php?rest_route=\/wp\/v2\/types\/page"}],"author":[{"embeddable":true,"href":"https:\/\/gcj-asso.fr\/index.php?rest_route=\/wp\/v2\/users\/1"}],"replies":[{"embeddable":true,"href":"https:\/\/gcj-asso.fr\/index.php?rest_route=%2Fwp%2Fv2%2Fcomments&post=8540"}],"version-history":[{"count":4,"href":"https:\/\/gcj-asso.fr\/index.php?rest_route=\/wp\/v2\/pages\/8540\/revisions"}],"predecessor-version":[{"id":8572,"href":"https:\/\/gcj-asso.fr\/index.php?rest_route=\/wp\/v2\/pages\/8540\/revisions\/8572"}],"wp:attachment":[{"href":"https:\/\/gcj-asso.fr\/index.php?rest_route=%2Fwp%2Fv2%2Fmedia&parent=8540"}],"curies":[{"name":"wp","href":"https:\/\/api.w.org\/{rel}","templated":true}]}}