{"id":8403,"date":"2025-09-23T14:41:21","date_gmt":"2025-09-23T12:41:21","guid":{"rendered":"https:\/\/gcj-asso.fr\/?page_id=8403"},"modified":"2025-12-19T11:44:12","modified_gmt":"2025-12-19T10:44:12","slug":"eurogym-2026","status":"publish","type":"page","link":"https:\/\/gcj-asso.fr\/?page_id=8403","title":{"rendered":"EUROGYM 2026"},"content":{"rendered":"\n<div class=\"wp-block-columns is-layout-flex wp-container-6 wp-block-columns-is-layout-flex\">\n<div class=\"wp-block-column is-layout-flow wp-block-column-is-layout-flow\">\n<p>Le Gymnastique Club Jocondien a choisi de participer \u00e0 l\u2019Eurogym du 9 au 17 juillet 2026, un festival europ\u00e9en majeur rassemblant +5 000 jeunes autour de la gymnastique, d\u2019ateliers, de spectacles, de parades et d\u2019\u00e9changes culturels.<br><br>Cette ann\u00e9e, ce sont 35 gymnastes + 4 entra\u00eeneurs qui auront la chance de repr\u00e9senter notre club, la notre ville et la France \u00e0 Pistoia, en Italie.<br>Pour que ce r\u00eave devienne r\u00e9alit\u00e9, nous avons besoin de vous !<\/p>\n<\/div>\n\n\n\n<div class=\"wp-block-column is-layout-flow wp-block-column-is-layout-flow\">\n<figure class=\"wp-block-image size-large is-resized\"><img decoding=\"async\" loading=\"lazy\" width=\"1024\" height=\"494\" src=\"https:\/\/gcj-asso.fr\/wp-content\/uploads\/2025\/12\/Capture-decran-2025-12-19-a-11.39.15-1024x494.png\" alt=\"\" class=\"wp-image-8512\" style=\"aspect-ratio:2.0728744939271255;width:435px;height:auto\" srcset=\"https:\/\/gcj-asso.fr\/wp-content\/uploads\/2025\/12\/Capture-decran-2025-12-19-a-11.39.15-1024x494.png 1024w, https:\/\/gcj-asso.fr\/wp-content\/uploads\/2025\/12\/Capture-decran-2025-12-19-a-11.39.15-300x145.png 300w, https:\/\/gcj-asso.fr\/wp-content\/uploads\/2025\/12\/Capture-decran-2025-12-19-a-11.39.15-768x371.png 768w, https:\/\/gcj-asso.fr\/wp-content\/uploads\/2025\/12\/Capture-decran-2025-12-19-a-11.39.15-1536x741.png 1536w, https:\/\/gcj-asso.fr\/wp-content\/uploads\/2025\/12\/Capture-decran-2025-12-19-a-11.39.15-2048x988.png 2048w, https:\/\/gcj-asso.fr\/wp-content\/uploads\/2025\/12\/Capture-decran-2025-12-19-a-11.39.15-124x60.png 124w, https:\/\/gcj-asso.fr\/wp-content\/uploads\/2025\/12\/Capture-decran-2025-12-19-a-11.39.15-622x300.png 622w, https:\/\/gcj-asso.fr\/wp-content\/uploads\/2025\/12\/Capture-decran-2025-12-19-a-11.39.15-310x150.png 310w, https:\/\/gcj-asso.fr\/wp-content\/uploads\/2025\/12\/Capture-decran-2025-12-19-a-11.39.15-150x72.png 150w\" sizes=\"(max-width: 1024px) 100vw, 1024px\" \/><\/figure>\n\n\n\n<div class=\"wp-block-columns is-layout-flex wp-container-4 wp-block-columns-is-layout-flex\">\n<div class=\"wp-block-column is-layout-flow wp-block-column-is-layout-flow\" style=\"flex-basis:100%\">\n<div class=\"wp-block-buttons is-content-justification-center is-layout-flex wp-container-2 wp-block-buttons-is-layout-flex\">\n<div class=\"wp-block-button is-style-outline\"><a class=\"wp-block-button__link wp-element-button\" href=\"https:\/\/www.lanouvellerepublique.fr\/indre-et-loire\/joue-les-tours-les-gymnastes-partiront-pour-des-rencontres-europeennes-en-italie-1766082692\">Lire l&rsquo;article<\/a><\/div>\n<\/div>\n<\/div>\n<\/div>\n<\/div>\n<\/div>\n\n\n\n<div class=\"wp-block-buttons is-content-justification-center is-layout-flex wp-container-7 wp-block-buttons-is-layout-flex\">\n<div class=\"wp-block-button is-style-outline\"><a class=\"wp-block-button__link has-text-align-center wp-element-button\" href=\"https:\/\/www.helloasso.com\/associations\/gymnastique-club-jocondien\/collectes\/39-gymnastes-un-reve-un-eurogym-d-emerveillement-a-pistoia\"><strong><mark style=\"background-color:rgba(0, 0, 0, 0)\" class=\"has-inline-color has-vivid-purple-color\">LA CAGNOTTE EN LIGNE &#8211; GCJ en Italie !<\/mark><\/strong><\/a><\/div>\n<\/div>\n\n\n\n<div class=\"wp-block-columns is-layout-flex wp-container-12 wp-block-columns-is-layout-flex\">\n<div class=\"wp-block-column is-layout-flow wp-block-column-is-layout-flow\">\n<p><strong><mark style=\"background-color:rgba(0, 0, 0, 0)\" class=\"has-inline-color has-vivid-purple-color\">-&gt;&nbsp;Pourquoi une collecte ?<\/mark><\/strong><\/p>\n\n\n\n<div class=\"wp-block-columns is-layout-flex wp-container-10 wp-block-columns-is-layout-flex\">\n<div class=\"wp-block-column is-layout-flow wp-block-column-is-layout-flow\">\n<p>Participer \u00e0 l\u2019Eurogym est une exp\u00e9rience unique, mais repr\u00e9sente un co\u00fbt important pour les familles.<br>Voici le budget du projet s&rsquo;\u00e9l\u00e8ve \u00e0 <mark style=\"background-color:rgba(0, 0, 0, 0)\" class=\"has-inline-color has-vivid-red-color\">31 980<\/mark>\u20ac<\/p>\n<\/div>\n\n\n\n<div class=\"wp-block-column is-layout-flow wp-block-column-is-layout-flow\">\n<ul>\n<li>Tenue officielle \u00ab\u00a0Equipe de France\u00a0\u00bb 150\u20ac<\/li>\n\n\n\n<li>Frais participation 470\u20ac<\/li>\n\n\n\n<li>Frais d\u00e9placement : JLT  \u2192 Pistoia 200 \u20ac<\/li>\n<\/ul>\n\n\n\n<h4 class=\"wp-block-heading has-text-align-center\">TOTAL PAR GYM = <mark style=\"background-color:rgba(0, 0, 0, 0)\" class=\"has-inline-color has-vivid-red-color\">820<\/mark>\u20ac<\/h4>\n<\/div>\n<\/div>\n\n\n\n<p class=\"has-text-align-center\"><em>Votre soutien est essentiel pour all\u00e9ger ces frais et permettre \u00e0 tous de vivre cette aventure.<\/em><\/p>\n<\/div>\n<\/div>\n\n\n\n<hr class=\"wp-block-separator has-alpha-channel-opacity is-style-dots\"\/>\n\n\n\n<p><strong><mark style=\"background-color:rgba(0, 0, 0, 0)\" class=\"has-inline-color has-vivid-purple-color\">-&gt;&nbsp;Pourquoi nous soutenir ?<\/mark><\/strong><\/p>\n\n\n\n<div class=\"wp-block-columns is-layout-flex wp-container-15 wp-block-columns-is-layout-flex\">\n<div class=\"wp-block-column is-layout-flow wp-block-column-is-layout-flow\">\n<ul>\n<li>Pour offrir une aventure inoubliable \u00e0 ces jeunes filles<\/li>\n\n\n\n<li>Pour soutenir un \u00e9v\u00e9nement qui transmet des valeurs fortes : solidarit\u00e9, ouverture culturelle, passion du sport<\/li>\n<\/ul>\n<\/div>\n\n\n\n<div class=\"wp-block-column is-layout-flow wp-block-column-is-layout-flow\">\n<ul>\n<li>Pour encourager le d\u00e9passement de soi, la coh\u00e9sion et l&rsquo;esprit d&rsquo;\u00e9quipe<\/li>\n\n\n\n<li>Pour permettre au GCJ de rayonner au niveau europ\u00e9en<br><\/li>\n<\/ul>\n<\/div>\n<\/div>\n\n\n\n<hr class=\"wp-block-separator has-alpha-channel-opacity is-style-dots\"\/>\n\n\n\n<p><strong><mark style=\"background-color:rgba(0, 0, 0, 0)\" class=\"has-inline-color has-vivid-purple-color\">-&gt;&nbsp;Comment nous aider ?<\/mark><\/strong><\/p>\n\n\n\n<p>Vos dons sont d\u00e9ductibles des imp\u00f4ts !<br>Le Gymnastique Club Jocondien peut fournir une attestation CERFA sur demande, permettant la d\u00e9duction fiscale :<\/p>\n\n\n\n<div class=\"wp-block-columns is-layout-flex wp-container-20 wp-block-columns-is-layout-flex\">\n<div class=\"wp-block-column is-layout-flow wp-block-column-is-layout-flow\">\n<p class=\"has-text-align-center\">Vous \u00eates un <strong><mark style=\"background-color:rgba(0, 0, 0, 0)\" class=\"has-inline-color has-luminous-vivid-amber-color\">particulier<\/mark><\/strong> ?<\/p>\n\n\n\n<p>Particuliers \u2192 r\u00e9duction d\u2019imp\u00f4t 66 %<br>Exemple : un don de 50 \u20ac ne vous co\u00fbte r\u00e9ellement que 17 \u20ac.<\/p>\n\n\n\n<div style=\"height:12px\" aria-hidden=\"true\" class=\"wp-block-spacer\"><\/div>\n\n\n\n<div class=\"wp-block-buttons is-content-justification-center is-layout-flex wp-container-16 wp-block-buttons-is-layout-flex\">\n<div class=\"wp-block-button is-style-outline\"><a class=\"wp-block-button__link has-text-align-center wp-element-button\" href=\"https:\/\/www.helloasso.com\/associations\/gymnastique-club-jocondien\/collectes\/39-gymnastes-un-reve-un-eurogym-d-emerveillement-a-pistoia\"><mark style=\"background-color:#ffffff\" class=\"has-inline-color has-luminous-vivid-amber-color\">LA CAGNOTTE EN LIGNE (<em>helloasso<\/em>)<\/mark><\/a><\/div>\n<\/div>\n<\/div>\n\n\n\n<div class=\"wp-block-column is-layout-flow wp-block-column-is-layout-flow\">\n<p class=\"has-text-align-center\">Vous \u00eates une <mark style=\"background-color:rgba(0, 0, 0, 0)\" class=\"has-inline-color has-light-green-cyan-color\"><strong>entreprise<\/strong><\/mark> ?<\/p>\n\n\n\n<p>Entreprises \u2192 d\u00e9duction fiscale 60 % (m\u00e9c\u00e9nat)<br><em>L\u2019attestation officielle sera remise \u00e0 la demande du donateur.<\/em><\/p>\n\n\n\n<div class=\"wp-block-buttons is-layout-flex wp-block-buttons-is-layout-flex\">\n<div class=\"wp-block-button is-style-outline\"><a class=\"wp-block-button__link wp-element-button\" href=\"gymclubjoc.communication@gmail.com\"><mark style=\"background-color:rgba(0, 0, 0, 0)\" class=\"has-inline-color has-light-green-cyan-color\">Proposer un partenariat \/ m\u00e9c\u00e9nat si vous \u00eates une entreprise ou connaissez une structure int\u00e9ress\u00e9e<\/mark><\/a><\/div>\n<\/div>\n<\/div>\n<\/div>\n\n\n\n<h2 class=\"wp-block-heading has-text-align-center\"><mark style=\"background-color:rgba(0, 0, 0, 0)\" class=\"has-inline-color has-vivid-purple-color\">Gr\u00e2ce \u00e0 vous, nos gymnastes vivront une aventure sportive, humaine et culturelle !!!<\/mark><\/h2>\n\n\n\n<hr class=\"wp-block-separator has-alpha-channel-opacity\"\/>\n\n\n\n<div class=\"wp-block-columns is-layout-flex wp-container-23 wp-block-columns-is-layout-flex\">\n<div class=\"wp-block-column is-layout-flow wp-block-column-is-layout-flow\">\n<h2 class=\"wp-block-heading has-text-align-center\"><strong>Pr\u00e9sentation &#8211; Eurogym 2026<\/strong><\/h2>\n\n\n\n<div class=\"wp-block-file\"><object class=\"wp-block-file__embed\" data=\"https:\/\/gcj-asso.fr\/wp-content\/uploads\/2025\/09\/Courrier-information-EUROGYM-2026-GCJ.pdf\" type=\"application\/pdf\" style=\"width:100%;height:600px\" aria-label=\"Contenu embarqu\u00e9 Courrier-information-EUROGYM-2026-GCJ.\"><\/object><a id=\"wp-block-file--media-ae8411eb-1ced-4b6b-ad9a-3e3bb132aec2\" href=\"https:\/\/gcj-asso.fr\/wp-content\/uploads\/2025\/09\/Courrier-information-EUROGYM-2026-GCJ.pdf\">Courrier-information-EUROGYM-2026-GCJ<\/a><a href=\"https:\/\/gcj-asso.fr\/wp-content\/uploads\/2025\/09\/Courrier-information-EUROGYM-2026-GCJ.pdf\" class=\"wp-block-file__button wp-element-button\" download aria-describedby=\"wp-block-file--media-ae8411eb-1ced-4b6b-ad9a-3e3bb132aec2\">T\u00e9l\u00e9charger<\/a><\/div>\n<\/div>\n\n\n\n<div class=\"wp-block-column is-layout-flow wp-block-column-is-layout-flow\">\n<h2 class=\"wp-block-heading has-text-align-center\"><strong>Dossier sponsor &#8211; Eurogym 2026<\/strong><\/h2>\n\n\n\n<div class=\"wp-block-file\"><object class=\"wp-block-file__embed\" data=\"https:\/\/gcj-asso.fr\/wp-content\/uploads\/2025\/10\/DOSSIER-SPONSOR-GCJ-EUROGYM-2026.pdf\" type=\"application\/pdf\" style=\"width:100%;height:600px\" aria-label=\"Contenu embarqu\u00e9 DOSSIER-SPONSOR-GCJ-EUROGYM-2026.\"><\/object><a id=\"wp-block-file--media-d1b18a25-c7d6-4fa0-afdf-1cdd10aed346\" href=\"https:\/\/gcj-asso.fr\/wp-content\/uploads\/2025\/10\/DOSSIER-SPONSOR-GCJ-EUROGYM-2026.pdf\">DOSSIER-SPONSOR-GCJ-EUROGYM-2026<\/a><a href=\"https:\/\/gcj-asso.fr\/wp-content\/uploads\/2025\/10\/DOSSIER-SPONSOR-GCJ-EUROGYM-2026.pdf\" class=\"wp-block-file__button wp-element-button\" download aria-describedby=\"wp-block-file--media-d1b18a25-c7d6-4fa0-afdf-1cdd10aed346\">T\u00e9l\u00e9charger<\/a><\/div>\n<\/div>\n<\/div>\n\n\n\n<hr class=\"wp-block-separator has-alpha-channel-opacity\"\/>\n","protected":false},"excerpt":{"rendered":"<p>Le Gymnastique Club Jocondien a choisi de participer \u00e0 l\u2019Eurogym du 9 au 17 juillet 2026, un festival europ\u00e9en majeur rassemblant +5 000 jeunes autour de la gymnastique, d\u2019ateliers, de &hellip; <\/p>\n","protected":false},"author":1,"featured_media":0,"parent":0,"menu_order":0,"comment_status":"closed","ping_status":"closed","template":"","meta":{"footnotes":""},"_links":{"self":[{"href":"https:\/\/gcj-asso.fr\/index.php?rest_route=\/wp\/v2\/pages\/8403"}],"collection":[{"href":"https:\/\/gcj-asso.fr\/index.php?rest_route=\/wp\/v2\/pages"}],"about":[{"href":"https:\/\/gcj-asso.fr\/index.php?rest_route=\/wp\/v2\/types\/page"}],"author":[{"embeddable":true,"href":"https:\/\/gcj-asso.fr\/index.php?rest_route=\/wp\/v2\/users\/1"}],"replies":[{"embeddable":true,"href":"https:\/\/gcj-asso.fr\/index.php?rest_route=%2Fwp%2Fv2%2Fcomments&post=8403"}],"version-history":[{"count":18,"href":"https:\/\/gcj-asso.fr\/index.php?rest_route=\/wp\/v2\/pages\/8403\/revisions"}],"predecessor-version":[{"id":8513,"href":"https:\/\/gcj-asso.fr\/index.php?rest_route=\/wp\/v2\/pages\/8403\/revisions\/8513"}],"wp:attachment":[{"href":"https:\/\/gcj-asso.fr\/index.php?rest_route=%2Fwp%2Fv2%2Fmedia&parent=8403"}],"curies":[{"name":"wp","href":"https:\/\/api.w.org\/{rel}","templated":true}]}}