{"id":56,"date":"2020-07-26T14:08:04","date_gmt":"2020-07-26T12:08:04","guid":{"rendered":"http:\/\/gcj-asso.fr\/?page_id=56"},"modified":"2026-01-27T13:28:28","modified_gmt":"2026-01-27T12:28:28","slug":"tarifs-et-horaires","status":"publish","type":"page","link":"https:\/\/gcj-asso.fr\/?page_id=56","title":{"rendered":"Nos partenaires"},"content":{"rendered":"\n<h5 class=\"wp-block-heading has-text-align-center\"><strong><mark style=\"background-color:rgba(0, 0, 0, 0);color:#0611f6\" class=\"has-inline-color\">Devenir partenaire<\/mark><\/strong><\/h5>\n\n\n\n<p>Nous recherchons des entreprises partenaires pour soutenir notre associations.<\/p>\n\n\n\n<p>Vous souhaitez acqu\u00e9rir une plus grande notori\u00e9t\u00e9 et une <strong>image valorisante<\/strong> associ\u00e9 \u00e0 celle de notre club : sportive, sympathique et dynamique ?<\/p>\n\n\n\n<p>Nous vous proposons plusieurs m\u00e9thodes d\u2019affichage en \u00e9change de votre soutien.<\/p>\n\n\n\n<p>Plus d\u2019informations : n&rsquo;h\u00e9sitez pas \u00e0 contacter <strong>Cristina <\/strong>ou <strong>Cl\u00e9mence<\/strong><\/p>\n\n\n\n<p class=\"has-text-align-center\"><mark style=\"background-color:rgba(0, 0, 0, 0)\" class=\"has-inline-color has-pale-cyan-blue-color\">gymclubjoc.communication@gmail.com<\/mark><\/p>\n\n\n\n<p><em>Il est \u00e9galement possible de faire un m\u00e9c\u00e9nat <\/em><\/p>\n\n\n\n<p><\/p>\n\n\n\n<blockquote class=\"wp-block-quote\">\n<p class=\"has-text-align-center\">\u00ab\u00a0<mark style=\"font-weight: bold; background-color: rgba(0, 0, 0, 0); color: rgb(255, 187, 0);\" class=\"has-inline-color\">Tout aide possible qui ne semble pas importante pour vous, l&rsquo;est pour nous. <\/mark>\u00ab\u00a0<\/p>\n<\/blockquote>\n\n\n\n<p><\/p>\n\n\n\n<div class=\"wp-block-columns is-layout-flex wp-container-3 wp-block-columns-is-layout-flex\">\n<div class=\"wp-block-column is-layout-flow wp-block-column-is-layout-flow\" style=\"flex-basis:100%\">\n<ul class=\"wp-block-social-links is-content-justification-center is-layout-flex wp-container-1 wp-block-social-links-is-layout-flex\"><li class=\"wp-social-link wp-social-link-instagram  wp-block-social-link\"><a href=\"https:\/\/www.instagram.com\/gymclubjocondien\/\" class=\"wp-block-social-link-anchor\"><svg width=\"24\" height=\"24\" viewBox=\"0 0 24 24\" version=\"1.1\" xmlns=\"http:\/\/www.w3.org\/2000\/svg\" aria-hidden=\"true\" focusable=\"false\"><path d=\"M12,4.622c2.403,0,2.688,0.009,3.637,0.052c0.877,0.04,1.354,0.187,1.671,0.31c0.42,0.163,0.72,0.358,1.035,0.673 c0.315,0.315,0.51,0.615,0.673,1.035c0.123,0.317,0.27,0.794,0.31,1.671c0.043,0.949,0.052,1.234,0.052,3.637 s-0.009,2.688-0.052,3.637c-0.04,0.877-0.187,1.354-0.31,1.671c-0.163,0.42-0.358,0.72-0.673,1.035 c-0.315,0.315-0.615,0.51-1.035,0.673c-0.317,0.123-0.794,0.27-1.671,0.31c-0.949,0.043-1.233,0.052-3.637,0.052 s-2.688-0.009-3.637-0.052c-0.877-0.04-1.354-0.187-1.671-0.31c-0.42-0.163-0.72-0.358-1.035-0.673 c-0.315-0.315-0.51-0.615-0.673-1.035c-0.123-0.317-0.27-0.794-0.31-1.671C4.631,14.688,4.622,14.403,4.622,12 s0.009-2.688,0.052-3.637c0.04-0.877,0.187-1.354,0.31-1.671c0.163-0.42,0.358-0.72,0.673-1.035 c0.315-0.315,0.615-0.51,1.035-0.673c0.317-0.123,0.794-0.27,1.671-0.31C9.312,4.631,9.597,4.622,12,4.622 M12,3 C9.556,3,9.249,3.01,8.289,3.054C7.331,3.098,6.677,3.25,6.105,3.472C5.513,3.702,5.011,4.01,4.511,4.511 c-0.5,0.5-0.808,1.002-1.038,1.594C3.25,6.677,3.098,7.331,3.054,8.289C3.01,9.249,3,9.556,3,12c0,2.444,0.01,2.751,0.054,3.711 c0.044,0.958,0.196,1.612,0.418,2.185c0.23,0.592,0.538,1.094,1.038,1.594c0.5,0.5,1.002,0.808,1.594,1.038 c0.572,0.222,1.227,0.375,2.185,0.418C9.249,20.99,9.556,21,12,21s2.751-0.01,3.711-0.054c0.958-0.044,1.612-0.196,2.185-0.418 c0.592-0.23,1.094-0.538,1.594-1.038c0.5-0.5,0.808-1.002,1.038-1.594c0.222-0.572,0.375-1.227,0.418-2.185 C20.99,14.751,21,14.444,21,12s-0.01-2.751-0.054-3.711c-0.044-0.958-0.196-1.612-0.418-2.185c-0.23-0.592-0.538-1.094-1.038-1.594 c-0.5-0.5-1.002-0.808-1.594-1.038c-0.572-0.222-1.227-0.375-2.185-0.418C14.751,3.01,14.444,3,12,3L12,3z M12,7.378 c-2.552,0-4.622,2.069-4.622,4.622S9.448,16.622,12,16.622s4.622-2.069,4.622-4.622S14.552,7.378,12,7.378z M12,15 c-1.657,0-3-1.343-3-3s1.343-3,3-3s3,1.343,3,3S13.657,15,12,15z M16.804,6.116c-0.596,0-1.08,0.484-1.08,1.08 s0.484,1.08,1.08,1.08c0.596,0,1.08-0.484,1.08-1.08S17.401,6.116,16.804,6.116z\"><\/path><\/svg><span class=\"wp-block-social-link-label screen-reader-text\">Instagram<\/span><\/a><\/li>\n\n<li class=\"wp-social-link wp-social-link-facebook  wp-block-social-link\"><a href=\"https:\/\/www.facebook.com\/GymClubJocondien\/\" class=\"wp-block-social-link-anchor\"><svg width=\"24\" height=\"24\" viewBox=\"0 0 24 24\" version=\"1.1\" xmlns=\"http:\/\/www.w3.org\/2000\/svg\" aria-hidden=\"true\" focusable=\"false\"><path d=\"M12 2C6.5 2 2 6.5 2 12c0 5 3.7 9.1 8.4 9.9v-7H7.9V12h2.5V9.8c0-2.5 1.5-3.9 3.8-3.9 1.1 0 2.2.2 2.2.2v2.5h-1.3c-1.2 0-1.6.8-1.6 1.6V12h2.8l-.4 2.9h-2.3v7C18.3 21.1 22 17 22 12c0-5.5-4.5-10-10-10z\"><\/path><\/svg><span class=\"wp-block-social-link-label screen-reader-text\">Facebook<\/span><\/a><\/li><\/ul>\n<\/div>\n<\/div>\n\n\n\n<h2 class=\"wp-block-heading has-text-align-center\"><strong><mark style=\"background-color:rgba(0, 0, 0, 0)\" class=\"has-inline-color has-luminous-vivid-orange-color\">Nos partenaires pour la saison 2024\/2025<\/mark><\/strong><\/h2>\n\n\n\n<p class=\"has-text-align-center\">Ils ont d\u00e9j\u00e0 sign\u00e9 avec nous pour la saison 2024\/2025 ! <\/p>\n\n\n\n<div class=\"wp-block-columns is-layout-flex wp-container-8 wp-block-columns-is-layout-flex\">\n<div class=\"wp-block-column is-layout-flow wp-block-column-is-layout-flow\" style=\"flex-basis:33.33%\">\n<p class=\"has-text-align-center\"><strong>EFFICAT<\/strong><\/p>\n\n\n\n<p>Conduite de travaux, Relev\u00e9s g\u00e9om\u00e9trique, Tourn\u00e9e en hauteur, Expertise, &#8230;<\/p>\n\n\n\n<div class=\"wp-block-columns is-layout-flex wp-container-5 wp-block-columns-is-layout-flex\">\n<div class=\"wp-block-column is-layout-flow wp-block-column-is-layout-flow\" style=\"flex-basis:100%\"><a class=\"wp-block-read-more\" href=\"https:\/\/gcj-asso.fr\/?page_id=56\" target=\"_self\">https:\/\/www.efficat.fr\/<span class=\"screen-reader-text\">\u00a0: Nos partenaires<\/span><\/a><\/div>\n<\/div>\n<\/div>\n\n\n\n<div class=\"wp-block-column is-layout-flow wp-block-column-is-layout-flow\" style=\"flex-basis:66.66%\">\n<figure class=\"wp-block-image size-large is-resized\"><a href=\"https:\/\/www.efficat.fr\/\"><img decoding=\"async\" loading=\"lazy\" width=\"1024\" height=\"1022\" src=\"https:\/\/gcj-asso.fr\/wp-content\/uploads\/2024\/07\/logo-efficat-1024x1022.png\" alt=\"\" class=\"wp-image-8142\" style=\"aspect-ratio:1.0019569471624266;width:332px;height:auto\" srcset=\"https:\/\/gcj-asso.fr\/wp-content\/uploads\/2024\/07\/logo-efficat-1024x1022.png 1024w, https:\/\/gcj-asso.fr\/wp-content\/uploads\/2024\/07\/logo-efficat-300x300.png 300w, https:\/\/gcj-asso.fr\/wp-content\/uploads\/2024\/07\/logo-efficat-150x150.png 150w, https:\/\/gcj-asso.fr\/wp-content\/uploads\/2024\/07\/logo-efficat-768x767.png 768w, https:\/\/gcj-asso.fr\/wp-content\/uploads\/2024\/07\/logo-efficat-1536x1534.png 1536w, https:\/\/gcj-asso.fr\/wp-content\/uploads\/2024\/07\/logo-efficat-2048x2045.png 2048w, https:\/\/gcj-asso.fr\/wp-content\/uploads\/2024\/07\/logo-efficat-100x100.png 100w, https:\/\/gcj-asso.fr\/wp-content\/uploads\/2024\/07\/logo-efficat-350x350.png 350w, https:\/\/gcj-asso.fr\/wp-content\/uploads\/2024\/07\/logo-efficat-310x310.png 310w, https:\/\/gcj-asso.fr\/wp-content\/uploads\/2024\/07\/logo-efficat-105x105.png 105w\" sizes=\"(max-width: 1024px) 100vw, 1024px\" \/><\/a><\/figure>\n<\/div>\n<\/div>\n\n\n\n<div class=\"wp-block-columns is-layout-flex wp-container-11 wp-block-columns-is-layout-flex\">\n<div class=\"wp-block-column is-layout-flow wp-block-column-is-layout-flow\" style=\"flex-basis:33.33%\"><\/div>\n\n\n\n<div class=\"wp-block-column is-layout-flow wp-block-column-is-layout-flow\" style=\"flex-basis:66.66%\"><\/div>\n<\/div>\n\n\n\n<h2 class=\"wp-block-heading has-text-align-center\"><strong><mark style=\"background-color:rgba(0, 0, 0, 0)\" class=\"has-inline-color has-luminous-vivid-orange-color\">Nos partenaires pour la saison 2023\/2024<\/mark><\/strong><\/h2>\n\n\n\n<div class=\"wp-block-columns is-layout-flex wp-container-14 wp-block-columns-is-layout-flex\">\n<div class=\"wp-block-column is-layout-flow wp-block-column-is-layout-flow\">\n<p>SUPER U Jou\u00e9-l\u00e8s-Tours<\/p>\n\n\n\n<p><a href=\"https:\/\/www.bing.com\/local?lid=YN2000x16370424697974369010&amp;id=YN2000x16370424697974369010&amp;q=Super+U&amp;name=Super+U&amp;cp=47.34416198730469%7e0.6437199711799622&amp;ppois=47.34416198730469_0.6437199711799622_Super+U\">CCal 18 bd Bretonni\u00e8res,<\/a><\/p>\n\n\n\n<p><a href=\"https:\/\/www.bing.com\/local?lid=YN2000x16370424697974369010&amp;id=YN2000x16370424697974369010&amp;q=Super+U&amp;name=Super+U&amp;cp=47.34416198730469%7e0.6437199711799622&amp;ppois=47.34416198730469_0.6437199711799622_Super+U\">37300 Jou\u00e9 Les Tours<\/a><\/p>\n<\/div>\n\n\n\n<div class=\"wp-block-column is-layout-flow wp-block-column-is-layout-flow\">\n<figure class=\"wp-block-image size-full is-resized\"><img decoding=\"async\" loading=\"lazy\" width=\"500\" height=\"500\" src=\"https:\/\/gcj-asso.fr\/wp-content\/uploads\/2024\/03\/super-U-JLT.png\" alt=\"\" class=\"wp-image-7960\" style=\"aspect-ratio:1;width:322px;height:auto\" srcset=\"https:\/\/gcj-asso.fr\/wp-content\/uploads\/2024\/03\/super-U-JLT.png 500w, https:\/\/gcj-asso.fr\/wp-content\/uploads\/2024\/03\/super-U-JLT-300x300.png 300w, https:\/\/gcj-asso.fr\/wp-content\/uploads\/2024\/03\/super-U-JLT-150x150.png 150w, https:\/\/gcj-asso.fr\/wp-content\/uploads\/2024\/03\/super-U-JLT-100x100.png 100w, https:\/\/gcj-asso.fr\/wp-content\/uploads\/2024\/03\/super-U-JLT-310x310.png 310w, https:\/\/gcj-asso.fr\/wp-content\/uploads\/2024\/03\/super-U-JLT-105x105.png 105w\" sizes=\"(max-width: 500px) 100vw, 500px\" \/><\/figure>\n<\/div>\n<\/div>\n\n\n\n<hr class=\"wp-block-separator has-alpha-channel-opacity\"\/>\n\n\n\n<div class=\"wp-block-columns is-layout-flex wp-container-17 wp-block-columns-is-layout-flex\">\n<div class=\"wp-block-column is-layout-flow wp-block-column-is-layout-flow\">\n<p>Boulangerie ANGE<\/p>\n\n\n\n<p>Chambray L\u00e8s Tours<\/p>\n<\/div>\n\n\n\n<div class=\"wp-block-column is-layout-flow wp-block-column-is-layout-flow\">\n<figure class=\"wp-block-image size-large\"><img decoding=\"async\" loading=\"lazy\" width=\"1024\" height=\"747\" src=\"https:\/\/gcj-asso.fr\/wp-content\/uploads\/2024\/03\/Ange-boulangerie-1024x747.png\" alt=\"\" class=\"wp-image-7959\" srcset=\"https:\/\/gcj-asso.fr\/wp-content\/uploads\/2024\/03\/Ange-boulangerie-1024x747.png 1024w, https:\/\/gcj-asso.fr\/wp-content\/uploads\/2024\/03\/Ange-boulangerie-300x219.png 300w, https:\/\/gcj-asso.fr\/wp-content\/uploads\/2024\/03\/Ange-boulangerie-768x560.png 768w, https:\/\/gcj-asso.fr\/wp-content\/uploads\/2024\/03\/Ange-boulangerie-1536x1120.png 1536w, https:\/\/gcj-asso.fr\/wp-content\/uploads\/2024\/03\/Ange-boulangerie-411x300.png 411w, https:\/\/gcj-asso.fr\/wp-content\/uploads\/2024\/03\/Ange-boulangerie-310x226.png 310w, https:\/\/gcj-asso.fr\/wp-content\/uploads\/2024\/03\/Ange-boulangerie-144x105.png 144w, https:\/\/gcj-asso.fr\/wp-content\/uploads\/2024\/03\/Ange-boulangerie.png 1560w\" sizes=\"(max-width: 1024px) 100vw, 1024px\" \/><\/figure>\n<\/div>\n<\/div>\n\n\n\n<hr class=\"wp-block-separator has-alpha-channel-opacity\"\/>\n\n\n\n<div class=\"wp-block-columns is-layout-flex wp-container-20 wp-block-columns-is-layout-flex\">\n<div class=\"wp-block-column is-layout-flow wp-block-column-is-layout-flow\" style=\"flex-basis:33.33%\">\n<p>Cosy M\u00e9nage<br>M\u00e9nage &amp; repassage &#8211; Tours<\/p>\n\n\n\n<p>42 rue de la Fuye<br>37000 TOURS<\/p>\n\n\n\n<blockquote class=\"wp-embedded-content\" data-secret=\"zWDvI2hPGw\"><a href=\"https:\/\/www.cosymenage.fr\/\">Accueil<\/a><\/blockquote><iframe class=\"wp-embedded-content\" sandbox=\"allow-scripts\" security=\"restricted\" style=\"position: absolute; clip: rect(1px, 1px, 1px, 1px);\" title=\"\u00ab\u00a0Accueil\u00a0\u00bb &#8212; Cosy M\u00e9nage\" src=\"https:\/\/www.cosymenage.fr\/embed\/#?secret=lWzNxgbE4o#?secret=zWDvI2hPGw\" data-secret=\"zWDvI2hPGw\" width=\"600\" height=\"338\" frameborder=\"0\" marginwidth=\"0\" marginheight=\"0\" scrolling=\"no\"><\/iframe>\n<\/div>\n\n\n\n<div class=\"wp-block-column is-layout-flow wp-block-column-is-layout-flow\" style=\"flex-basis:66.66%\"><div class=\"wp-block-image\">\n<figure class=\"alignright size-large is-resized\"><img decoding=\"async\" loading=\"lazy\" width=\"1024\" height=\"823\" src=\"https:\/\/gcj-asso.fr\/wp-content\/uploads\/2024\/03\/Cosy-men-transparent-1024x823.png\" alt=\"\" class=\"wp-image-7961\" style=\"aspect-ratio:1.244228432563791;width:343px;height:auto\" srcset=\"https:\/\/gcj-asso.fr\/wp-content\/uploads\/2024\/03\/Cosy-men-transparent-1024x823.png 1024w, https:\/\/gcj-asso.fr\/wp-content\/uploads\/2024\/03\/Cosy-men-transparent-300x241.png 300w, https:\/\/gcj-asso.fr\/wp-content\/uploads\/2024\/03\/Cosy-men-transparent-768x617.png 768w, https:\/\/gcj-asso.fr\/wp-content\/uploads\/2024\/03\/Cosy-men-transparent-1536x1234.png 1536w, https:\/\/gcj-asso.fr\/wp-content\/uploads\/2024\/03\/Cosy-men-transparent-373x300.png 373w, https:\/\/gcj-asso.fr\/wp-content\/uploads\/2024\/03\/Cosy-men-transparent-310x249.png 310w, https:\/\/gcj-asso.fr\/wp-content\/uploads\/2024\/03\/Cosy-men-transparent-131x105.png 131w, https:\/\/gcj-asso.fr\/wp-content\/uploads\/2024\/03\/Cosy-men-transparent.png 1654w\" sizes=\"(max-width: 1024px) 100vw, 1024px\" \/><\/figure><\/div><\/div>\n<\/div>\n","protected":false},"excerpt":{"rendered":"<p>Devenir partenaire Nous recherchons des entreprises partenaires pour soutenir notre associations. Vous souhaitez acqu\u00e9rir une plus grande notori\u00e9t\u00e9 et une image valorisante associ\u00e9 \u00e0 celle de notre club : sportive, &hellip; <\/p>\n","protected":false},"author":1,"featured_media":0,"parent":0,"menu_order":0,"comment_status":"closed","ping_status":"closed","template":"","meta":{"footnotes":""},"_links":{"self":[{"href":"https:\/\/gcj-asso.fr\/index.php?rest_route=\/wp\/v2\/pages\/56"}],"collection":[{"href":"https:\/\/gcj-asso.fr\/index.php?rest_route=\/wp\/v2\/pages"}],"about":[{"href":"https:\/\/gcj-asso.fr\/index.php?rest_route=\/wp\/v2\/types\/page"}],"author":[{"embeddable":true,"href":"https:\/\/gcj-asso.fr\/index.php?rest_route=\/wp\/v2\/users\/1"}],"replies":[{"embeddable":true,"href":"https:\/\/gcj-asso.fr\/index.php?rest_route=%2Fwp%2Fv2%2Fcomments&post=56"}],"version-history":[{"count":29,"href":"https:\/\/gcj-asso.fr\/index.php?rest_route=\/wp\/v2\/pages\/56\/revisions"}],"predecessor-version":[{"id":8144,"href":"https:\/\/gcj-asso.fr\/index.php?rest_route=\/wp\/v2\/pages\/56\/revisions\/8144"}],"wp:attachment":[{"href":"https:\/\/gcj-asso.fr\/index.php?rest_route=%2Fwp%2Fv2%2Fmedia&parent=56"}],"curies":[{"name":"wp","href":"https:\/\/api.w.org\/{rel}","templated":true}]}}