{"id":50,"date":"2020-07-26T14:03:24","date_gmt":"2020-07-26T12:03:24","guid":{"rendered":"http:\/\/gcj-asso.fr\/?page_id=50"},"modified":"2024-08-21T09:49:37","modified_gmt":"2024-08-21T07:49:37","slug":"activites","status":"publish","type":"page","link":"https:\/\/gcj-asso.fr\/?page_id=50","title":{"rendered":"Nos disciplines"},"content":{"rendered":"\n<ul>\n<li><strong>GAF : Gymnastique Artistique F\u00e9minine<\/strong>&nbsp;: pratique de la gymnastique en loisir ou comp\u00e9tition : On retrouve les 4 agr\u00e8s :<a href=\"https:\/\/web.archive.org\/web\/20180901031103\/http:\/\/gymclubjocondien.fr\/wp-content\/uploads\/2011\/08\/site-1.jpg\">&nbsp;les barres asym\u00e9triques<\/a>, le saut de cheval, la poutre et le sol.<\/li>\n\n\n\n<li><strong>GR : Gymnastique Rythmique<\/strong>&nbsp;: pratique de la gymnastique sur de la musique et le maniement d\u2019engins (ballons, massues, cerceaux, cordes et rubans).<\/li>\n\n\n\n<li><strong>BabyGym<\/strong>&nbsp;: de 3 ans \u00e0 5 ans. Par des activit\u00e9s ludiques, l\u2019enfant d\u00e9couvre le plaisir de la gymnastique tout en favorisant son d\u00e9veloppement corporel et sa motricit\u00e9.<\/li>\n\n\n\n<li><strong>Ecole des Gyms (GAF et\/ou GR) :<\/strong>\u00a0de 5 ans \u00e0 10 ans. D\u00e9couverte de la gymnastique artistique et rythmique par l\u2019apprentissage des bases des agr\u00e8s et des engins<\/li>\n<\/ul>\n\n\n\n<div class=\"wp-block-columns is-layout-flex wp-container-4 wp-block-columns-is-layout-flex\">\n<div class=\"wp-block-column is-layout-flow wp-block-column-is-layout-flow\" style=\"flex-basis:100%\">\n<figure class=\"wp-block-gallery has-nested-images columns-default is-cropped wp-block-gallery-1 is-layout-flex wp-block-gallery-is-layout-flex\">\n<figure class=\"wp-block-image size-large\"><img decoding=\"async\" loading=\"lazy\" width=\"440\" height=\"550\" src=\"https:\/\/gcj-asso.fr\/wp-content\/uploads\/2024\/08\/GAF-1-1.jpg\" alt=\"\" class=\"wp-image-8193\" srcset=\"https:\/\/gcj-asso.fr\/wp-content\/uploads\/2024\/08\/GAF-1-1.jpg 440w, https:\/\/gcj-asso.fr\/wp-content\/uploads\/2024\/08\/GAF-1-1-240x300.jpg 240w, https:\/\/gcj-asso.fr\/wp-content\/uploads\/2024\/08\/GAF-1-1-48x60.jpg 48w, https:\/\/gcj-asso.fr\/wp-content\/uploads\/2024\/08\/GAF-1-1-248x310.jpg 248w, https:\/\/gcj-asso.fr\/wp-content\/uploads\/2024\/08\/GAF-1-1-84x105.jpg 84w\" sizes=\"(max-width: 440px) 100vw, 440px\" \/><\/figure>\n\n\n\n<figure class=\"wp-block-image size-large\"><img decoding=\"async\" loading=\"lazy\" width=\"795\" height=\"530\" src=\"https:\/\/gcj-asso.fr\/wp-content\/uploads\/2024\/08\/GAF-2-1.jpg\" alt=\"\" class=\"wp-image-8194\" srcset=\"https:\/\/gcj-asso.fr\/wp-content\/uploads\/2024\/08\/GAF-2-1.jpg 795w, https:\/\/gcj-asso.fr\/wp-content\/uploads\/2024\/08\/GAF-2-1-300x200.jpg 300w, https:\/\/gcj-asso.fr\/wp-content\/uploads\/2024\/08\/GAF-2-1-768x512.jpg 768w, https:\/\/gcj-asso.fr\/wp-content\/uploads\/2024\/08\/GAF-2-1-90x60.jpg 90w, https:\/\/gcj-asso.fr\/wp-content\/uploads\/2024\/08\/GAF-2-1-370x247.jpg 370w, https:\/\/gcj-asso.fr\/wp-content\/uploads\/2024\/08\/GAF-2-1-776x517.jpg 776w, https:\/\/gcj-asso.fr\/wp-content\/uploads\/2024\/08\/GAF-2-1-450x300.jpg 450w, https:\/\/gcj-asso.fr\/wp-content\/uploads\/2024\/08\/GAF-2-1-310x207.jpg 310w, https:\/\/gcj-asso.fr\/wp-content\/uploads\/2024\/08\/GAF-2-1-150x100.jpg 150w\" sizes=\"(max-width: 795px) 100vw, 795px\" \/><\/figure>\n\n\n\n<figure class=\"wp-block-image size-large\"><img decoding=\"async\" loading=\"lazy\" width=\"795\" height=\"530\" src=\"https:\/\/gcj-asso.fr\/wp-content\/uploads\/2024\/08\/GR-1-1.jpg\" alt=\"\" class=\"wp-image-8195\" srcset=\"https:\/\/gcj-asso.fr\/wp-content\/uploads\/2024\/08\/GR-1-1.jpg 795w, https:\/\/gcj-asso.fr\/wp-content\/uploads\/2024\/08\/GR-1-1-300x200.jpg 300w, https:\/\/gcj-asso.fr\/wp-content\/uploads\/2024\/08\/GR-1-1-768x512.jpg 768w, https:\/\/gcj-asso.fr\/wp-content\/uploads\/2024\/08\/GR-1-1-90x60.jpg 90w, https:\/\/gcj-asso.fr\/wp-content\/uploads\/2024\/08\/GR-1-1-370x247.jpg 370w, https:\/\/gcj-asso.fr\/wp-content\/uploads\/2024\/08\/GR-1-1-776x517.jpg 776w, https:\/\/gcj-asso.fr\/wp-content\/uploads\/2024\/08\/GR-1-1-450x300.jpg 450w, https:\/\/gcj-asso.fr\/wp-content\/uploads\/2024\/08\/GR-1-1-310x207.jpg 310w, https:\/\/gcj-asso.fr\/wp-content\/uploads\/2024\/08\/GR-1-1-150x100.jpg 150w\" sizes=\"(max-width: 795px) 100vw, 795px\" \/><\/figure>\n\n\n\n<figure class=\"wp-block-image size-large\"><img decoding=\"async\" loading=\"lazy\" width=\"795\" height=\"530\" src=\"https:\/\/gcj-asso.fr\/wp-content\/uploads\/2024\/08\/GR-2-1.jpg\" alt=\"\" class=\"wp-image-8192\" srcset=\"https:\/\/gcj-asso.fr\/wp-content\/uploads\/2024\/08\/GR-2-1.jpg 795w, https:\/\/gcj-asso.fr\/wp-content\/uploads\/2024\/08\/GR-2-1-300x200.jpg 300w, https:\/\/gcj-asso.fr\/wp-content\/uploads\/2024\/08\/GR-2-1-768x512.jpg 768w, https:\/\/gcj-asso.fr\/wp-content\/uploads\/2024\/08\/GR-2-1-90x60.jpg 90w, https:\/\/gcj-asso.fr\/wp-content\/uploads\/2024\/08\/GR-2-1-370x247.jpg 370w, https:\/\/gcj-asso.fr\/wp-content\/uploads\/2024\/08\/GR-2-1-776x517.jpg 776w, https:\/\/gcj-asso.fr\/wp-content\/uploads\/2024\/08\/GR-2-1-450x300.jpg 450w, https:\/\/gcj-asso.fr\/wp-content\/uploads\/2024\/08\/GR-2-1-310x207.jpg 310w, https:\/\/gcj-asso.fr\/wp-content\/uploads\/2024\/08\/GR-2-1-150x100.jpg 150w\" sizes=\"(max-width: 795px) 100vw, 795px\" \/><\/figure>\n<\/figure>\n<\/div>\n<\/div>\n","protected":false},"excerpt":{"rendered":"","protected":false},"author":1,"featured_media":0,"parent":0,"menu_order":0,"comment_status":"closed","ping_status":"closed","template":"","meta":{"footnotes":""},"_links":{"self":[{"href":"https:\/\/gcj-asso.fr\/index.php?rest_route=\/wp\/v2\/pages\/50"}],"collection":[{"href":"https:\/\/gcj-asso.fr\/index.php?rest_route=\/wp\/v2\/pages"}],"about":[{"href":"https:\/\/gcj-asso.fr\/index.php?rest_route=\/wp\/v2\/types\/page"}],"author":[{"embeddable":true,"href":"https:\/\/gcj-asso.fr\/index.php?rest_route=\/wp\/v2\/users\/1"}],"replies":[{"embeddable":true,"href":"https:\/\/gcj-asso.fr\/index.php?rest_route=%2Fwp%2Fv2%2Fcomments&post=50"}],"version-history":[{"count":5,"href":"https:\/\/gcj-asso.fr\/index.php?rest_route=\/wp\/v2\/pages\/50\/revisions"}],"predecessor-version":[{"id":8198,"href":"https:\/\/gcj-asso.fr\/index.php?rest_route=\/wp\/v2\/pages\/50\/revisions\/8198"}],"wp:attachment":[{"href":"https:\/\/gcj-asso.fr\/index.php?rest_route=%2Fwp%2Fv2%2Fmedia&parent=50"}],"curies":[{"name":"wp","href":"https:\/\/api.w.org\/{rel}","templated":true}]}}